{"id":599,"date":"2021-04-26T10:28:05","date_gmt":"2021-04-26T08:28:05","guid":{"rendered":"https:\/\/liviajewelleries.com\/?page_id=599"},"modified":"2021-04-26T10:28:06","modified_gmt":"2021-04-26T08:28:06","slug":"terms-and-conditions","status":"publish","type":"page","link":"https:\/\/liviajewelleries.com\/index.php\/terms-and-conditions\/","title":{"rendered":"Terms and Conditions"},"content":{"rendered":"\n<h5>PANORAMICA<\/h5>\n\n\n\n<p>Questo sito \u00e8 gestito da LC LIFE SRL. LC LIFE SRL offre questo sito web, comprensivo di tutte le informazioni, strumenti e servizi disponibili per te, l&#8217;utente, a condizione di accettare tutti i termini, le condizioni, le politiche e le comunicazioni qui riportate. Visitando il nostro sito e \/ o acquistando un articolo, ti impegni con il nostro &#8220;Servizio&#8221; e accetti di essere vincolato dai seguenti termini e condizioni (&#8220;Termini di servizio&#8221;, &#8220;Termini&#8221;), inclusi quei termini e condizioni aggiuntivi e le politiche Qui citati e \/ o disponibili tramite il collegamento ipertestuale. Questi Termini di servizio si applicano a tutti gli utenti del sito, inclusi, senza limitazione, utenti che sono browser, fornitori, clienti, commercianti e \/ o contributori di contenuti. Leggi attentamente queste Condizioni di servizio prima di accedere o utilizzare il nostro sito web. Accedendo o utilizzando qualsiasi parte del sito, accetti di essere vincolato dai suddetti termini di servizio. Se non accetti tutti i termini e le condizioni di questo accordo, allora non potrai accedere al sito web o utilizzare alcun servizio. Se questi Termini di Servizio sono considerati un&#8217;offerta, l&#8217;accettazione \u00e8 espressamente limitata a queste Condizioni di servizio. Tutte le nuove funzionalit\u00e0 o gli strumenti aggiunti all&#8217;archivio corrente sono soggetti anche ai Termini di servizio. Puoi rivedere in qualsiasi momento la versione pi\u00f9 aggiornata dei Termini di servizio in questa pagina. Ci riserviamo il diritto di aggiornare, modificare o sostituire qualsiasi parte di questi Termini di servizio inviando aggiornamenti e \/ o modifiche al nostro sito web. \u00c8 vostra responsabilit\u00e0 controllare periodicamente la pagina per gli aggiornamenti. L&#8217;utilizzo continuato o l&#8217;accesso al sito web successivo alla pubblicazione di eventuali modifiche costituisce l&#8217;accettazione di tali modifiche. Il nostro negozio \u00e8 ospitato su ovh con cms wordpress. Ci fornisce la piattaforma di e-commerce online e ci permette di vendere i nostri prodotti e servizi.<\/p>\n\n\n\n<p>Gli ordini sono&nbsp;esenti&nbsp;IVA (imposta sul valore aggiunto), ma sono soggette a dazi di importazione. Il pagamento di queste tasse di importazione \u00e8 sola responsabilit\u00e0 del Cliente.<\/p>\n\n\n\n<h5>SEZIONE 1<\/h5>\n\n\n\n<h5>TERMINI DEL NEGOZIO ONLINE<\/h5>\n\n\n\n<p>Accettando questi Termini di servizio, si dichiara di avere almeno la maggiore et\u00e0 nello stato o provincia di residenza, o che tu sia maggiorenne nel tuo stato o provincia di residenza e che tu abbia consentito l&#8217;accesso a questo sito a minorenni sotto la tua responsabilit\u00e0.<\/p>\n\n\n\n<p>Non puoi utilizzare i nostri prodotti per scopi illegali o non autorizzati n\u00e9 tu, nell&#8217;uso del Servizio, violi tutte le leggi della tua giurisdizione (incluse ma non limitate alle leggi sul copyright). Non puoi trasmettere alcun avvertimento o virus o codice di natura dannosa. L&#8217;infrazione o la violazione di uno qualsiasi dei Termini comporter\u00e0 l&#8217;immediata risoluzione dei nostri Servizi.<\/p>\n\n\n\n<h5>SEZIONE 2<\/h5>\n\n\n\n<h5>CONDIZIONI GENERALI<\/h5>\n\n\n\n<p>Ci riserviamo il diritto di rifiutare il servizio a chiunque per qualsiasi motivo in qualsiasi momento. Tu sei informato che i dati da te forniti (escluse le informazioni sulla carta di credito) possono essere trasferiti non crittografati e implicano (a) trasmissioni su varie reti; e (b) le modifiche per conformarsi e adattarsi ai requisiti tecnici delle reti o dei dispositivi di connessione. Le informazioni della carta di credito vengono sempre crittografate durante il trasferimento sulle reti. L&#8217;utente accetta di non riprodurre, duplicare, copiare, vendere, rivendere o sfruttare qualsiasi parte del Servizio, l&#8217;utilizzo dello stesso, l&#8217;accesso al Servizio o qualsiasi altro contatto presente sul sito web attraverso il quale \u00e8 fornito il servizio, senza autorizzazione scritta da parte nostra. Le intestazioni utilizzate in questo contratto sono incluse solo per convenienza e non limitano o alterano in alcun modo queste Condizioni.<\/p>\n\n\n\n<h5>SEZIONE 3<\/h5>\n\n\n\n<h5>ACCURATEZZA, COMPLETEZZA E IDONEIT\u00c0 DELLE INFORMAZIONI<\/h5>\n\n\n\n<p>Non siamo responsabili se le informazioni rese disponibili in questo sito non sono accurate, complete o aggiornate. Il materiale presente in questo sito \u00e8 fornito solo per informazioni generali e non deve essere considerato o utilizzato come base esclusiva per prendere decisioni senza consultare fonti di informazione primarie, pi\u00f9 accurate, complete o tempestive. Qualsiasi affidamento al materiale presente su questo sito \u00e8 vostra responsabilit\u00e0. Questo sito pu\u00f2 contenere alcune informazioni storiche. Le informazioni storiche, evidentemente, non sono aggiornate e sono fornite solo come riferimento. Ci riserviamo il diritto di modificare il contenuto di questo sito in qualsiasi momento, ma non abbiamo alcun obbligo di aggiornare le informazioni sul nostro sito. Accettazione implicita della responsabilit\u00e0 di controllare le modifiche apportate al nostro sito.<\/p>\n\n\n\n<h5>SEZIONE 4<\/h5>\n\n\n\n<h5>MODIFICHE AL SERVIZIO E PREZZI<\/h5>\n\n\n\n<p>I prezzi dei nostri prodotti sono soggetti a modifiche senza preavviso. Ci riserviamo il diritto di modificare o interrompere in qualsiasi momento il Servizio (o qualsiasi parte o contenuto) senza dover dare alcun preavviso. Non saremo responsabili a voi o a parti terze per qualsiasi cambiamento, modifica dei prezzi, sospensione o interruzione del servizio.<\/p>\n\n\n\n<h5>SEZIONE 5<\/h5>\n\n\n\n<h5>PRODOTTI O SERVIZI<\/h5>\n\n\n\n<p>(Se applicabile) Alcuni prodotti o servizi possono essere disponibili esclusivamente in linea attraverso il sito web. Questi prodotti o servizi possono avere quantit\u00e0 limitate e sono soggette a restituzione o cambio solo in base alla nostra politica di reso.Garantiamo il nostro impegno a rendere il pi\u00f9 possibile i colori e le immagini dei nostri prodotti, che appaiono nel negozio. Non possiamo garantire la precisione del monitor del computer per tutti i colori. Ci riserviamo il diritto, ma non siamo obbligati, di limitare le vendite dei nostri prodotti o servizi a qualsiasi persona, regione geografica o giurisdizione. Possiamo esercitare questo diritto caso per caso. Ci riserviamo il diritto di limitare le quantit\u00e0 di qualsiasi prodotto o servizio che offriamo. Tutte le descrizioni dei prodotti o dei prezzi dei prodotti sono soggette a modifiche in qualsiasi momento senza preavviso, a nostra discrezione. Ci riserviamo il diritto di interrompere la vendita di qualsiasi articolo in qualsiasi momento. Qualsiasi offerta per qualsiasi prodotto o servizio effettuato in questo sito \u00e8 nulla se vietato. Non garantiamo che la qualit\u00e0 di qualsiasi prodotto, servizio, informazione o altro materiale da te acquistato o ottenuto, possa soddisfare in pieno le tue aspettative o che eventuali errori nel Servizio verranno corretti.<\/p>\n\n\n\n<h5>SEZIONE 6<\/h5>\n\n\n\n<h5>ACCURATEZZA DELLE INFORMAZIONI DI BILANCI E CONTABILIT\u00c0<\/h5>\n\n\n\n<p>Ci riserviamo il diritto di rifiutare qualsiasi ordine che effettui con noi. Possiamo, a nostra discrezione, limitare o annullare le quantit\u00e0 acquistate a persona, per famiglia o per ordine. Queste restrizioni possono includere ordini effettuati da o per lo stesso cliente cliente, la stessa carta di credito e \/ o ordini che utilizzano lo stesso indirizzo di fatturazione e \/ o spedizione. In caso di modifica o annullamento di un ordine, tenteremo di informarti attraverso l&#8217;indirizzo e-mail e \/ o l&#8217;indirizzo di fatturazione e \/ o il numero di telefono forniti al momento dell&#8217;ordine. Ci riserviamo il diritto di limitare o proibire gli ordini che, a nostro giudizio, sembrano essere effettuati da rivenditori, negozianti o distributori. L&#8217;utente accetta di fornire informazioni aggiornate, complete e accurate dell&#8217;acquisto e dell&#8217;account per tutti le transazioni effettuate presso il nostro negozio. Accetti di aggiornare tempestivamente il tuo account e altre informazioni, tra cui il tuo indirizzo e-mail e numeri di carta di credito e le date di scadenza, affinch\u00e9 si possano completare le transazioni e metterci in contatto con te se necessario. Per ulteriori dettagli, si prega di consultare la nostra politica di reso.<\/p>\n\n\n\n<h5>SEZIONE 7<\/h5>\n\n\n\n<h5>STRUMENTI OPZIONALI<\/h5>\n\n\n\n<p>Possiamo fornirti l&#8217;accesso a strumenti di parti terze su cui non esercitiamo alcun controllo o input. L&#8217;utente accetta e riconosce di fornire l&#8217;accesso agli strumenti &#8220;come \u00e8&#8221; e &#8220;come disponibile&#8221; senza alcuna garanzia, dichiarazione o condizione di qualsiasi tipo e senza alcuna approvazione. Non abbiamo alcuna responsabilit\u00e0 derivante da, o relativa, all&#8217;utilizzo di strumenti di parti terze opzionali. Qualsiasi utilizzo da parte dell&#8217;utente di strumenti opzionali offerti dal sito \u00e8 interamente a proprio rischio e discrezione, si dovrebbe garantire una familiarit\u00e0 di utilizzo e approvare le condizioni alle quali strumenti sono forniti dal provider di parti terze rilevanti. Possiamo inoltre, in futuro, offrire nuovi servizi e \/ o caratteristiche attraverso il sito web (incluso il rilascio di nuovi strumenti e risorse). Tali nuove funzioni e \/ o servizi saranno soggetto di questi Termini di servizio.<\/p>\n\n\n\n<h5>SEZIONE 8<\/h5>\n\n\n\n<h5>LINK DI PARTI TERZE<\/h5>\n\n\n\n<p>Alcuni contenuti, prodotti e servizi disponibili tramite il nostro Servizio possono includere materiali provenienti da parti terze. I collegamenti di parti terze in questo sito possono indirizzarvi a siti web non affiliati a noi. Non siamo responsabili n\u00e9 dell&#8217;esame o valutazione del contenuto o dell&#8217;accuratezza e n\u00e9 di alcun materiale o di siti web di terze parti o di altri materiali, prodotti o servizi di parti terze. Non siamo responsabili di danni o lesioni connessi all&#8217;acquisto o all&#8217;utilizzo di beni, servizi, risorse, contenuti o qualsiasi altra operazione effettuata in relazione a siti web terzi. Esamina attentamente le politiche e le pratiche di parti terze e assicurati di capirle bene prima di intraprendere alcuna transazione. Le richieste di reclamo, le rivendicazioni, le preoccupazioni o le domande relative a prodotti di terze parti devono essere rivolti ai diritti interessati.<\/p>\n\n\n\n<h5>SEZIONE 9<\/h5>\n\n\n\n<h5>COMMENTI UTENTI, RISPOSTE E ALTRE RICHIESTE<\/h5>\n\n\n\n<p>Se, a seguito di una nostra richiesta, invii specifiche richieste (ad esempio le iscrizioni a concorso) o senza una richiesta da parte nostra, invii idee, suggerimenti, proposte, piani o altri materiali creativi, sia online, via e-mail, posta o altri mezzi (ad esempio, &#8220;commenti&#8221;), l&#8217;utente accetta di modificare, copiare, pubblicare, distribuire, tradurre e utilizzare in qualsiasi mezzo qualsiasi commento che ci inoltri in qualsiasi momento senza restrizioni. Noi non siamo, e non dovremmo, essere sottoposti ad alcun obbligo (1) di mantenere i commenti in confidenza; (2) di pagare indennizzo per eventuali osservazioni; O (3) rispondere a qualsiasi commento. Possiamo, ma non abbiamo alcun obbligo di monitorare, modificare o rimuovere i contenuti che determiniamo, a nostra esclusiva discrezione, illegali, offensivi, minacciosi, ingannevoli, diffamatori, pornografici, osceni o non accettabili, o che violino la propriet\u00e0 intellettuale di qualsiasi parte o i suddetti Termini di servizio . L&#8217;utente accetta che i tuoi commenti non violino alcun diritto di terze parti, inclusi copyright, marchi, privacy, personalit\u00e0 o altri diritti personali o proprietari. L&#8217;utente accetta inoltre che i propri commenti contengano materiale pertinente e non illegale, abusivo o osceno o che contengano virus informatici o altri malware che possano in alcun modo influenzare il funzionamento del servizio o di qualsiasi altro sito web correlato. Non \u00e8 possibile utilizzare un falso indirizzo di posta elettronica, fingere di essere un&#8217;altra persona o altrimenti ingannare noi o terzi per quanto riguarda l&#8217;origine di eventuali commenti. Tu sei il solo responsabile per qualsiasi commento e la sua veridicit\u00e0. Non si assume alcuna responsabilit\u00e0 per qualsiasi commento inviato da parte tua o da terzi.<\/p>\n\n\n\n<h5>SEZIONE 10<\/h5>\n\n\n\n<h5>INFORMAZIONE PERSONALE<\/h5>\n\n\n\n<p>La trasmissione dei tuoi dati personali nel sito del negozio \u00e8 disciplinata dalla nostra Politica sulla Privacy. Per visualizzarla, accedere alla sezione: Politica sulla Privacy.<\/p>\n\n\n\n<h5>SEZIONE 11<\/h5>\n\n\n\n<h5>ERRORI, IMPRECISIONI E OMISSIONI<\/h5>\n\n\n\n<p>Talvolta nel nostro sito o nel Servizio, possono essere presenti informazioni che contengono: errori tipografici, inesattezze o omissioni che possono riguardare le descrizioni dei prodotti, i prezzi, le promozioni, le offerte, le spese di spedizione del prodotto, i tempi di consegna e la disponibilit\u00e0. Ci riserviamo il diritto di correggere eventuali errori, inesattezze o omissioni e modificare o aggiornare le informazioni o annullare gli ordini se le informazioni del Servizio o di qualsiasi sito web correlato sono inesatte, in qualsiasi momento senza preavviso (anche dopo aver presentato il tuo ordine). Non assumiamo alcun obbligo di aggiornare, modificare o chiarire informazioni nel Servizio o su qualsiasi sito web correlato, incluse, senza limitazioni, informazioni sui prezzi, salvo quanto previsto dalla legge. Nessuno specifico aggiornamento o revisione dei dati, applicato nel Servizio o su qualsiasi sito web correlato, sta ad indicare una modifica globale del Servizio o di qualsiasi sito web correlato.<\/p>\n\n\n\n<h5>SEZIONE 12<\/h5>\n\n\n\n<h5>UTILIZZI VIETATI<\/h5>\n\n\n\n<p>Oltre agli altri divieti stabiliti nei Termini di servizio, \u00e8 vietato utilizzare il sito o il suo contenuto: (a) per qualsiasi scopo illegale; B) sollecitare gli altri a svolgere o a partecipare ad atti illeciti; (C) violare qualsiasi normativa, regola, legge o ordinanza locale, provinciale, regionale o statale; (D) violare i nostri diritti di propriet\u00e0 intellettuale o i diritti di propriet\u00e0 intellettuale degli altri; E) violare, abusare, insultare, danneggiare, diffamare, calunniare, denigrare, intimidire o discriminare in base al genere, all&#8217;orientamento sessuale, alla religione, all&#8217;etnia, alla razza, all&#8217;et\u00e0, alla cittadinanza o alla disabilit\u00e0; (F) presentare informazioni false o fuorvianti; (G) caricare o trasmettere virus o qualsiasi altro tipo di codice dannoso che sar\u00e0 o possa essere utilizzato in qualsiasi modo, e possa incidere sulla funzionalit\u00e0 o sul fruibilit\u00e0 del Servizio o di qualsiasi altro sito web o Internet; H) raccogliere o tenere traccia delle informazioni personali degli altri; (I) a spam, phish, pharm, pretext, spider, crawl, or scrape; J) per qualsiasi scopo osceno o immorale; O (k) interferire o aggirare le funzionalit\u00e0 di sicurezza del Servizio o di qualsiasi altro sito web o Internet. Ci riserviamo il diritto di interrompere l&#8217;utilizzo del Servizio o di qualsiasi sito web correlato, in risposta a qualsiasi uso illegale.<\/p>\n\n\n\n<h5>SEZIONE 13<\/h5>\n\n\n\n<h5>NEGAZIONE DI GARANZIE; LIMITAZIONE DI RESPONSABILIT\u00c0<\/h5>\n\n\n\n<p>Non ci \u00e8 possibile garantire, od assicurare che l&#8217;utilizzo del nostro servizio sar\u00e0 ininterrotto, tempestivo, sicuro o privo di errori. Non garantiamo che i risultati ottenuti dall&#8217;utilizzo del servizio saranno accurati o affidabili. L&#8217;utente accetta pertanto una possibile interruzione del servizio per periodi di tempo indefiniti o annullamenti dello stesso in qualsiasi momento, senza preavviso. L&#8217;utente accetta espressamente il rischio esclusivo derivante dall&#8217;utilizzo o impossibilit\u00e0 di utilizzare il servizio. Il sito e tutti i prodotti e servizi forniti sono (salvo quanto espressamente indicato da noi) forniti &#8220;come \u00e8&#8221; e &#8220;come disponibili&#8221; per il tuo utilizzo, senza alcuna rappresentazione, garanzia o condizione di qualsiasi tipo, espresse o Implicite, comprese tutte le garanzie implicite o le condizioni di commercio, qualit\u00e0 commerciale, idoneit\u00e0 ad uno scopo particolare, durata, titolo e non violazione. In nessun caso LC LIFE SRL, i nostri direttori, funzionari, dipendenti, affiliati, agenti, contraenti, stagisti, venditori, fornitori di servizi o di licenze saranno responsabili per qualsiasi lesione, perdita, reclamo o qualsiasi altra forma diretta, indiretta, o danni consequenziali di qualsiasi tipo, inclusi, senza limitazione, perdite di profitti, di entrate, di risparmio, di dati, costi di sostituzione o altri lesioni simili, sia in base a contratti, in contrasto con la negligenza. L&#8217;utilizzo di qualsiasi servizio o prodotto acquistato tramite il sito o di qualsiasi altra rivendicazione connessa in alcun modo all&#8217;uso del servizio o di qualsiasi articolo, inclusi, a titolo esemplificativo, eventuali errori o omissioni in qualsiasi contenuto o eventuali perdite o danni di qualsiasi tipo sostenuti a seguito dell&#8217;utilizzo del servizio o di qualsiasi contenuto (o prodotto) inviato, trasmesso o altrimenti reso disponibile tramite il servizio. Poich\u00e9 alcuni Stati o giurisdizioni non consentono l&#8217;esclusione o la limitazione della responsabilit\u00e0 per danni conseguenti o incidentali, in tali Stati o giurisdizioni, la nostra responsabilit\u00e0 \u00e8 limitata al limite massimo consentito dalla legge.<\/p>\n\n\n\n<h5>SEZIONE 14<\/h5>\n\n\n\n<h5>INDENNIZZO<\/h5>\n\n\n\n<p>L&#8217;utente accetta di indennizzare, difendere e ritenere LC LIFE SRL e la nostra societ\u00e0 madre, filiali, affiliati, partner, funzionari, amministratori, agenti, appaltatori, licenziatari, fornitori di servizi, subappaltatori, venditori, stagisti e dipendenti, indenni da qualsiasi reclamo o domanda, comprese le ragionevoli spese legali, sostenute da parti terze a causa o derivanti dalla violazione di questi Termini di Servizio o documenti che incorporano per riferimento, o la violazione di qualsiasi legge o dei diritti di una parte terza.<\/p>\n\n\n\n<h5>SEZIONE 15<\/h5>\n\n\n\n<h5>SEPARABILIT\u00c0<\/h5>\n\n\n\n<p>Nel caso in cui qualsiasi disposizione dei presenti Termini di Servizio sia determinata come illegale, nulla o inapplicabile, tale disposizione sar\u00e0 comunque esecutiva nella misura massima consentita dalla legge applicabile e la parte inapplicabile sar\u00e0 considerata interrotta da queste Condizioni di Servizio, tale determinazione non pregiudica la validit\u00e0 e l&#8217;esecutivit\u00e0 di qualsiasi altra disposizione rimanente.<\/p>\n\n\n\n<h5>SEZIONE 16<\/h5>\n\n\n\n<h5>FINE<\/h5>\n\n\n\n<p>Gli obblighi e le responsabilit\u00e0 delle parti sostenute prima della data di cessazione sopravvivranno alla risoluzione del presente accordo a tutti gli effetti. Queste condizioni di servizio sono efficaci, fino al momento in cui una delle due parti non ne ponga il termine. Puoi interrompere l&#8217;utilizzo di questi Termini di Servizio in qualsiasi momento, comunicando la tua volont\u00e0 al nostro servizio clienti.<\/p>\n\n\n\n<p>Se a nostro insindacabile giudizio non si riesce, o si sospetta che avete fallito, a rispettare qualsiasi termine o disposizione di questi Termini di servizio, la rinuncia dal presente contratto pu\u00f2 essere avviata anche da parte nostra, in qualsiasi momento senza preavviso, resterai responsabile per tutti gli importi dovuti fino alla data di risoluzione; e \/ o di conseguenza potrai vederti negato l&#8217;accesso ai nostri Servizi (o parte di essi).<\/p>\n\n\n\n<h5>SEZIONE 17<\/h5>\n\n\n\n<h5>ACCORDO GENERALE<\/h5>\n\n\n\n<p>Il mancato esercizio o l&#8217;applicazione di qualunque diritto o disposizione di questi Termini di Servizio non costituisce una rinuncia a tale diritto o disposizione. Questi Termini di Servizio e tutte le politiche o regole di funzionamento da noi inviate in questo sito o in relazione al Servizio, costituiscono l&#8217;intero accordo e l&#8217;intesa tra te e noi e governano l&#8217;utilizzo del Sito, sostituendo qualsiasi accordo, comunicazioni e proposte precedenti o contemporanee, sia orali sia scritte, tra le due parti (inclusi, a titolo esemplificativo, le versioni precedenti dei Termini di servizio)<\/p>\n\n\n\n<h5>SEZIONE 18<\/h5>\n\n\n\n<h5>LEGGE GOVERNATIVA<\/h5>\n\n\n\n<p>Questi Termini di Servizio e gli eventuali accordi separati per i quali Le forniamo i Servizi saranno disciplinati e interpretati secondo le leggi di LC LIFE SRL,&nbsp;Via Via Emilio Cornalia, 12,&nbsp;20124 Milano (MI)&nbsp;Italia&nbsp;.<\/p>\n\n\n\n<h5>SEZIONE 19<\/h5>\n\n\n\n<h5>MODIFICHE AI TERMINI DI SERVIZIO<\/h5>\n\n\n\n<p>Puoi visualizzare in qualsiasi momento la versione pi\u00f9 aggiornata dei Termini di servizio in questa pagina. Ci riserviamo il diritto, a nostra discrezione, di aggiornare, modificare o sostituire qualsiasi parte di questi Termini di servizio apportando aggiornamenti e modifiche al nostro sito web. \u00c8 vostra responsabilit\u00e0 controllare periodicamente i cambiamenti al nostro sito web. L&#8217;utilizzo continuato o l&#8217;accesso al nostro sito web o al servizio successivo alla pubblicazione delle modifiche apportate a questi Termini di servizio costituisce l&#8217;accettazione implicita di tali modifiche.<\/p>\n\n\n\n<h5>SEZIONE 20<\/h5>\n\n\n\n<h5>INFORMAZIONI SUI CONTATTI<\/h5>\n\n\n\n<p>Le domande sui Termini di servizio possono essere inoltrate a livia.jewelleries@gmail.com.<\/p>\n","protected":false},"excerpt":{"rendered":"<p>PANORAMICA Questo sito \u00e8 gestito da LC LIFE SRL. LC LIFE SRL offre questo sito web, comprensivo di tutte le informazioni, strumenti e servizi disponibili per te, l&#8217;utente, a condizione di accettare tutti i termini, le condizioni, le politiche e le comunicazioni qui riportate. Visitando&#8230;<\/p>\n","protected":false},"author":1,"featured_media":0,"parent":0,"menu_order":0,"comment_status":"closed","ping_status":"closed","template":"","meta":[],"_links":{"self":[{"href":"https:\/\/liviajewelleries.com\/index.php\/wp-json\/wp\/v2\/pages\/599"}],"collection":[{"href":"https:\/\/liviajewelleries.com\/index.php\/wp-json\/wp\/v2\/pages"}],"about":[{"href":"https:\/\/liviajewelleries.com\/index.php\/wp-json\/wp\/v2\/types\/page"}],"author":[{"embeddable":true,"href":"https:\/\/liviajewelleries.com\/index.php\/wp-json\/wp\/v2\/users\/1"}],"replies":[{"embeddable":true,"href":"https:\/\/liviajewelleries.com\/index.php\/wp-json\/wp\/v2\/comments?post=599"}],"version-history":[{"count":2,"href":"https:\/\/liviajewelleries.com\/index.php\/wp-json\/wp\/v2\/pages\/599\/revisions"}],"predecessor-version":[{"id":601,"href":"https:\/\/liviajewelleries.com\/index.php\/wp-json\/wp\/v2\/pages\/599\/revisions\/601"}],"wp:attachment":[{"href":"https:\/\/liviajewelleries.com\/index.php\/wp-json\/wp\/v2\/media?parent=599"}],"curies":[{"name":"wp","href":"https:\/\/api.w.org\/{rel}","templated":true}]}}